{"id":21591,"date":"2022-01-19T12:26:27","date_gmt":"2022-01-19T12:26:27","guid":{"rendered":"http:\/\/demo-install.wpestate.org\/?page_id=3"},"modified":"2023-10-23T06:46:22","modified_gmt":"2023-10-23T06:46:22","slug":"privacy-policy","status":"publish","type":"page","link":"https:\/\/promofy.com.mx\/es\/privacy-policy\/","title":{"rendered":"Privacy Policy"},"content":{"rendered":"<p><em>Siete5 Inversi\u00f3n Inmobiliaria<\/em> Es una empresa inmobiliaria altamente responsable por ello tu privacidad y confianza son muy importantes para nosotros, aplicamos lineamientos, pol\u00edticas y procedimientos para proteger tu informaci\u00f3n y documentaci\u00f3n.<\/p>\r\n<p>Protegemos la informaci\u00f3n y documentaci\u00f3n mediante el tratamiento adecuado de protecciones f\u00edsicas, electr\u00f3nicas y de procedimiento, capacitando a nuestro personal en el manejo adecuado de tu informaci\u00f3n personal a fin de impedir que terceros no autorizados accedan a la misma y cumplir con la Ley de Protecci\u00f3n de Datos Personales.\u00a0\u00a0<\/p>\r\n<p>Operamos en estricto apego a la Ley Federal de Protecci\u00f3n de Datos Personales en posesi\u00f3n de particulares, el pasado 5 de julio de 2010, cuyas disposiciones claramente coadyuvan con nuestro objetivo de proteger tus datos personales y documentaci\u00f3n. T\u00fa puedes acceder al contenido de la ley a trav\u00e9s de los portales del gobierno federal, por conducto de la secretar\u00eda de gobernaci\u00f3n y la c\u00e1mara de diputados del H. congreso de la uni\u00f3n que tienen en internet cuyos sitios web son: www.diputados.gob.mx y www.ifai.gob.mx\u00a0\u00a0<\/p>\r\n<p>Para efectos del presente aviso de privacidad, se se\u00f1ala como responsable del tratamiento de los datos e informaci\u00f3n para los siguientes datos:\u00a0<\/p>\r\n<p>Nombre comercial: Siete5 Inversi\u00f3n Inmobiliaria\u00a0<\/p>\r\n<p>Domicilio al P\u00fablico: Calle 71, No. 463-A, entre calle 46 y 48, Col. Centro, M\u00e9rida Yucat\u00e1n, C.P. 97000<\/p>\r\n<p>Tel\u00e9fono: 999 429 1817<\/p>\r\n<p>Lugar: M\u00e9rida, Yucat\u00e1n<\/p>\r\n<p><strong>Datos personales que pueden recabarse:<\/strong><\/p>\r\n<p>El responsable recabar\u00e1 los datos personales necesarios para la formalizaci\u00f3n del tipo del producto inmobiliario, arrendatario o financiero que tu solicites ; de manera enunciativa, m\u00e1s no limitativa, podremos recabar tu nombre; domicilio; fecha de nacimiento; pa\u00eds de nacimiento; nacionalidad; ocupaci\u00f3n, profesi\u00f3n, actividad o giro del negocio al que te dediques; n\u00fameros telef\u00f3nicos; Clave \u00danica de Registro de Poblaci\u00f3n; clave del Registro Federal de Contribuyentes, datos de trabajo, ingresos econ\u00f3micos, etc. Asimismo, trat\u00e1ndose de productos de cr\u00e9dito o arrendamiento, estamos obligados a requerirte datos adicionales que permitan estimar la viabilidad de pago, vali\u00e9ndonos para ello de un an\u00e1lisis a partir de informaci\u00f3n cuantitativa y cualitativa, que permita establecer tu solvencia crediticia y capacidad de pago. (Incluyendo referencias personales, familiares, datos de un aval o fiador, etc.)<\/p>\r\n<p><strong>Finalidad del tratamiento de tus datos personales:<\/strong><\/p>\r\n<p>Los datos personales que recabemos ser\u00e1n usados para la operaci\u00f3n y registro de los productos o servicios que t\u00fa hubieses contratado, as\u00ed como para ofrecerte, en su caso, otros productos Inmobiliarios, arrendatarios o financieros o de cualquiera de nuestras afiliadas, subsidiarias, asociadas, comisionistas o sociedades integrantes de nuestra empresa y remitirte promociones de otros bienes o servicios relacionados con los citados productos. (Por ejemplo, todo tipo de bienes ra\u00edces en compraventa y arrendamiento)\u00a0<\/p>\r\n<p><strong>Temporalidad:<\/strong><\/p>\r\n<p>El responsable tendr\u00e1 acceso a la informaci\u00f3n s\u00f3lo temporalmente. En caso de no llevarse a cabo la operaci\u00f3n en el tiempo establecido el contrato respectivo la documentaci\u00f3n ser\u00e1 devuelta a los clientes y en caso de no pasar por ella previo aviso, ser\u00e1 destruida y borrada en el lapso de 5 d\u00edas h\u00e1biles. En caso de si haberse llevado a cabo la operaci\u00f3n la informaci\u00f3n y documentaci\u00f3n ser\u00e1 tratada conforme la legislaci\u00f3n correspondiente y\u00a0seg\u00fan se menciona en el apartado siguiente, as\u00ed mismo en el caso de operaciones a cr\u00e9dito o arrendamiento, mientras se tenga vigente una relaci\u00f3n jur\u00eddica o alg\u00fan pago o servicio por cubrir.\u00a0<\/p>\r\n<p><strong>Limitaci\u00f3n de Confidencialidad:<\/strong><\/p>\r\n<p>A partir de Julio de 2013 que entra en vigor la Ley Federal para la Prevenci\u00f3n e Identificaci\u00f3n de Operaciones con Recursos de Procedencia Il\u00edcita y a partir de agosto del mismo a\u00f1o que entre en vigor su reglamento y aplicaci\u00f3n los datos e informaci\u00f3n proporcionados por los clientes (propietarios, compradores, arrendadores y arrendatarios) ser\u00e1n sujetos a la entrega de informaci\u00f3n en caso de que la autoridad as\u00ed lo estime conveniente en base al art.17 de la citada ley.<\/p>\r\n<p>La misma ley hace obligatorio el salvaguardar los documentos de manera f\u00edsica o electr\u00f3nica por un periodo de 5 a\u00f1os, por lo que una vez concluido ese plazo ser\u00e1n borrados o destruidos. Esto s\u00f3lo aplica en las operaciones realizadas y cuyos montos sean iguales o superiores a los establecidos en la mencionada legislaci\u00f3n.\u00a0<\/p>\r\n<p>Es importante mencionar que nuestra empresa deber\u00e1 recabar adicionalmente de ti los datos necesarios para cumplir con las disposiciones legales aplicables en materia de prevenci\u00f3n y detecci\u00f3n de actos, omisiones u operaciones que pudieran favorecer, prestar ayuda, auxilio o cooperaci\u00f3n de cualquier especie para la comisi\u00f3n de los delitos previstos en los art\u00edculos 139 \u00f3 148 Bis del C\u00f3digo Penal Federal o que pudieran ubicarse en los supuestos del art\u00edculo 400 Bis del mismo C\u00f3digo, as\u00ed como los previstos en la Ley de Extinci\u00f3n de Dominio.\u00a0<\/p>\r\n<p>El responsable se obliga a tratar los datos revelados por el Titular con estricta confidencialidad en apego a lo estipulado en el art\u00edculo 117 de la Ley de Instituciones de Cr\u00e9dito, as\u00ed como en cumplimiento a lo se\u00f1alado en la Ley Federal de Protecci\u00f3n de Datos Personales en Posesi\u00f3n de los Particulares y su reglamento, aplicando las medidas f\u00edsicas y tecnol\u00f3gicas necesarias a fin de salvaguardar la integridad de los datos revelados.\u00a0<\/p>\r\n<p>En el supuesto que el Titular quiera limitar el uso o divulgaci\u00f3n de sus datos o bien ejercer los derechos de acceso, rectificaci\u00f3n, cancelaci\u00f3n u oposici\u00f3n, podr\u00e1 hacerlo a partir del 12 de junio del 2018, consultando el procedimiento establecido para tal fin\u00a0<\/p>\r\n<p><strong>Derechos ARCO:<\/strong><\/p>\r\n<p>Usted podr\u00e1 ejercer los derechos de Acceso, Rectificaci\u00f3n, Cancelaci\u00f3n y Oposici\u00f3n (en adelante derechos ARCO), tratamiento de sus datos personales o revocar el consentimiento que para tal fin nos haya otorgado a trav\u00e9s del correo inmobiliariasiete5@gmail.com mediante una carta \u201cSolicitud derechos ARCO\u201d dirigida a Gerardo Vald\u00e9s L\u00f3pez, por medio del cual se\u00f1ale como m\u00ednimo:\u00a0<\/p>\r\n<ol>\r\n<li>a) Nombre completo y datos personales necesarios para identificarlo y sobre los cuales es su deseo ejercer alg\u00fan derecho completo y datos personales necesarios para identificarlo y sobre los cuales es su deseo ejercer alg\u00fan derecho ARCO.<\/li>\r\n<li>b) El requerimiento del derecho ARCO a ejercer.<\/li>\r\n<li>c) Anexar documento para acreditar su identidad.<\/li>\r\n<li>d) Y en su caso, la manifestaci\u00f3n expresa de revocar su consentimiento al tratamiento de sus datos personales.<\/li>\r\n<\/ol>\r\n<p>Si usted no manifiesta su oposici\u00f3n para que sus datos personales sean transferidos, se entender\u00e1 que ha otorgado su consentimiento para ello.\u00a0\u00a0<\/p>\r\n<p>As\u00ed mismo, el titular garantiza que los datos proporcionados son fidedignos, exactos y completos, por lo cual se hace responsable por cualquier da\u00f1o y perjuicio por falsedad o suplantaci\u00f3n de identidad.\u00a0\u00a0\u00a0<\/p>","protected":false},"excerpt":{"rendered":"<p>Siete5 Inversi\u00f3n Inmobiliaria Es una empresa inmobiliaria altamente responsable por ello tu privacidad y confianza son muy importantes para nosotros, aplicamos lineamientos, pol\u00edticas y procedimientos para proteger tu informaci\u00f3n y documentaci\u00f3n. Protegemos la informaci\u00f3n y documentaci\u00f3n mediante el tratamiento adecuado de protecciones f\u00edsicas, electr\u00f3nicas y de procedimiento, capacitando a nuestro personal en el manejo adecuado de tu informaci\u00f3n personal a fin de impedir que &#8230;<\/p>","protected":false},"author":1,"featured_media":0,"parent":0,"menu_order":0,"comment_status":"closed","ping_status":"open","template":"","meta":{"inline_featured_image":false,"_joinchat":[],"footnotes":""},"class_list":["post-21591","page","type-page","status-publish","hentry"],"_hostinger_reach_plugin_has_subscription_block":false,"_hostinger_reach_plugin_is_elementor":false,"_links":{"self":[{"href":"https:\/\/promofy.com.mx\/es\/wp-json\/wp\/v2\/pages\/21591","targetHints":{"allow":["GET"]}}],"collection":[{"href":"https:\/\/promofy.com.mx\/es\/wp-json\/wp\/v2\/pages"}],"about":[{"href":"https:\/\/promofy.com.mx\/es\/wp-json\/wp\/v2\/types\/page"}],"author":[{"embeddable":true,"href":"https:\/\/promofy.com.mx\/es\/wp-json\/wp\/v2\/users\/1"}],"replies":[{"embeddable":true,"href":"https:\/\/promofy.com.mx\/es\/wp-json\/wp\/v2\/comments?post=21591"}],"version-history":[{"count":2,"href":"https:\/\/promofy.com.mx\/es\/wp-json\/wp\/v2\/pages\/21591\/revisions"}],"predecessor-version":[{"id":23449,"href":"https:\/\/promofy.com.mx\/es\/wp-json\/wp\/v2\/pages\/21591\/revisions\/23449"}],"wp:attachment":[{"href":"https:\/\/promofy.com.mx\/es\/wp-json\/wp\/v2\/media?parent=21591"}],"curies":[{"name":"wp","href":"https:\/\/api.w.org\/{rel}","templated":true}]}}